{"id":64,"date":"2014-01-26T15:57:17","date_gmt":"2014-01-26T13:57:17","guid":{"rendered":"http:\/\/wseesko.de\/?page_id=64"},"modified":"2026-03-14T14:32:47","modified_gmt":"2026-03-14T12:32:47","slug":"regie-fuer-ard","status":"publish","type":"page","link":"https:\/\/wseesko.de\/?page_id=64","title":{"rendered":"H\u00f6rproben"},"content":{"rendered":"\n<p><strong><a href=\"https:\/\/www.ardsounds.de\/episode\/urn:ard:episode:f38cd0bfcacd732a\/\" target=\"_blank\" rel=\"noreferrer noopener\">DAT F\u00dcERSCHIPP<\/a><\/strong> (Teil 1+2)<\/p>\n\n\n\n<p>Niederdeutsches H\u00f6rspiel nach der Erz\u00e4hlung &#8222;Das Feuerschiff&#8220; von Siegfried Lenz. (RB\/NDR 2026)<\/p>\n\n\n\n<figure class=\"wp-block-audio\"><audio controls src=\"https:\/\/wseesko.de\/wp-content\/uploads\/2026\/03\/FueerschippAusschnit_Web.mp3\"><\/audio><\/figure>\n\n\n\n<p><strong><a href=\"https:\/\/www.ndr.de\/kultur\/Hoerspiel-Taormina,audio-231284.html\" target=\"_blank\" rel=\"noreferrer noopener\">TAORMINA<\/a><\/strong><\/p>\n\n\n\n<p>Krimih\u00f6rspiel nach dem gleichnamigen Roman von Yves Ravey (NDR 2025)<\/p>\n\n\n\n<figure class=\"wp-block-audio\"><audio controls src=\"https:\/\/wseesko.de\/wp-content\/uploads\/2026\/03\/Taormina-Ausschnitt-Anfang-kurz.mp3\"><\/audio><\/figure>\n\n\n\n<p><strong>RUSSISCHE BOTSCHAFTEN<\/strong><\/p>\n\n\n\n<p>Thriller in vier Teilen von Yassin Musharbash (Deutschlandfunk Kultur 2023)<\/p>\n\n\n\n<figure class=\"wp-block-audio\"><audio controls src=\"http:\/\/wseesko.de\/wp-content\/uploads\/2023\/03\/Russische-Botschaften-AusschnittWEB.mp3\"><\/audio><\/figure>\n\n\n\n<p><strong><a href=\"https:\/\/www.ardaudiothek.de\/episode\/niederdeutsches-hoerspiel\/de-kawentsmann\/bremen-zwei\/12430921\/\" target=\"_blank\" rel=\"noreferrer noopener\">DE KAWENTSMANN<\/a><\/strong><\/p>\n\n\n\n<p>Niederdeutsches H\u00f6rspiel von Helga B\u00fcrster (Radio Bremen\/NDR 2023)<\/p>\n\n\n\n<figure class=\"wp-block-audio\"><audio controls src=\"http:\/\/wseesko.de\/wp-content\/uploads\/2023\/03\/De-Kawentsmann-AUSSCHNITT.mp3\"><\/audio><\/figure>\n\n\n\n<p><strong>LANDUNTER<\/strong><\/p>\n\n\n\n<p>H\u00f6rspiel f\u00fcr das Gemeinschaftsprojekt &#8222;2035 &#8211; Die Zukunft beginnt jetzt&#8220; von ARD und Deutschlandradio (Radio Bremen 2022)<\/p>\n\n\n\n<figure class=\"wp-block-audio\"><audio controls src=\"http:\/\/wseesko.de\/wp-content\/uploads\/2023\/03\/LandunterAUSSCHNITT.mp3\"><\/audio><\/figure>\n\n\n\n<p><strong><a rel=\"noreferrer noopener\" href=\"https:\/\/www.bremenzwei.de\/themen\/zehn-gebote-100.html\" target=\"_blank\">DU SOLLST NICHT&#8230;. WIE DIE 10 GEBOTE UNSER LEBEN BESTIMMEN <\/a><\/strong><\/p>\n\n\n\n<p>Podcast-Reihe von Jens Becker (Radio Bremen 2022)<\/p>\n\n\n\n<figure class=\"wp-block-audio\"><audio controls src=\"http:\/\/wseesko.de\/wp-content\/uploads\/2022\/04\/103004_00427065_audio_stereo.mp3\"><\/audio><\/figure>\n\n\n\n<p><strong>FLORIAN, DER KARPFEN<\/strong><\/p>\n\n\n\n<p>H\u00f6rspiel von Siegfried Lenz (NDR 1953 \/ 2021)<\/p>\n\n\n\n<figure class=\"wp-block-audio\"><audio controls src=\"http:\/\/wseesko.de\/wp-content\/uploads\/2022\/01\/Karpfen_Ausschnitt.mp3\"><\/audio><\/figure>\n\n\n\n<p><strong><a href=\"https:\/\/www.bremenzwei.de\/sendungen\/niederdeutsches-hoerspiel-476.html\" target=\"_blank\" rel=\"noreferrer noopener\">\u00dcM DE ECK<\/a><\/strong><\/p>\n\n\n\n<p>H\u00f6rspiel von Hugo Rendler (Radio Bremen \/ NDR 2021)<\/p>\n\n\n\n<figure class=\"wp-block-audio\"><audio controls src=\"http:\/\/wseesko.de\/wp-content\/uploads\/2021\/11\/Uem-de-Eck-Ausschnitt-1.mp3\"><\/audio><\/figure>\n\n\n\n<hr class=\"wp-block-separator has-css-opacity\"\/>\n\n\n\n<p><strong><a href=\"https:\/\/www.hoerspielundfeature.de\/skurriler-island-krimi-kalmann-100.html\" target=\"_blank\" rel=\"noreferrer noopener\">KALMANN<\/a><\/strong><\/p>\n\n\n\n<p>Krimi von Joachim B. Schmidt. Regie der H\u00f6rspielbearbeitung von Andrea Czesienski (Deutschlandfunk Kultur 2021)<\/p>\n\n\n\n<figure class=\"wp-block-audio\"><audio controls src=\"http:\/\/wseesko.de\/wp-content\/uploads\/2021\/03\/Kalmann_Ausschnitt-1.mp3\"><\/audio><figcaption class=\"wp-element-caption\">Ausschnitt Kalmann<\/figcaption><\/figure>\n\n\n\n<hr class=\"wp-block-separator has-css-opacity\"\/>\n\n\n\n<p><strong>SZENEN IN BEIGE<\/strong><\/p>\n\n\n\n<p>Regie des Originalh\u00f6rspiels von Frank Schulz (NDR Kultur 2020)<\/p>\n\n\n\n<figure class=\"wp-block-audio\"><audio controls src=\"http:\/\/wseesko.de\/wp-content\/uploads\/2020\/02\/Szenen_in_Beige_H\u00f6rspielausschnitt.mp3\"><\/audio><figcaption class=\"wp-element-caption\">Ausschnitt Szenen in Beige (NDR Kultur 2020)<\/figcaption><\/figure>\n\n\n\n<hr class=\"wp-block-separator has-css-opacity\"\/>\n\n\n\n<p><strong><a href=\"https:\/\/www.hoerspielundfeature.de\/krimi-hoerspiel-produzierte-wahrheit-fake-metal-jacket-1-100.html\" target=\"_blank\" rel=\"noreferrer noopener\">FAKE METAL JACKET<\/a><\/strong><\/p>\n\n\n\n<p>Co-Bearbeitung und Regie des Krimi-Zweiteilers von Sven Recker (Deutschlandfunk Kultur 2019)<\/p>\n\n\n\n<figure class=\"wp-block-audio\"><audio controls src=\"http:\/\/wseesko.de\/wp-content\/uploads\/2020\/01\/FMJ_Webausschnitt.mp3\"><\/audio><figcaption class=\"wp-element-caption\">Ausschnitt &#8222;Fake Metal Jacket&#8220; (Deutschlandfunk Kultur 2019)<\/figcaption><\/figure>\n\n\n\n<hr class=\"wp-block-separator has-css-opacity\"\/>\n\n\n\n<p><b><a href=\"https:\/\/www.ndr.de\/kultur\/norddeutsche_sprache\/plattdeutsch\/Niederdeutsches-Hoerspiel-Mittagsstunde,hoerspiel2296.html\" target=\"_blank\" rel=\"noreferrer noopener\">MITTAGSSTUNDE<\/a><\/b><a aria-label=\"MITTAGSSTUNDE  (\u00f6ffnet in neuem Tab)\" href=\"https:\/\/www.radiobremen.de\/bremenzwei\/sendungen\/hoerspiel\/kalender338_date-20190505.html\" target=\"_blank\" rel=\"noreferrer noopener\"><\/a><\/p>\n\n\n\n<p>Bearbeitung und Regie nach Motiven des gleichnamigen Romans von <a rel=\"noreferrer noopener\" href=\"https:\/\/de.wikipedia.org\/wiki\/D%C3%B6rte_Hansen\" target=\"_blank\">D\u00f6rte Hansen<\/a> (Radio Bremen\/NDR 2019, 46,27 min)  <\/p>\n\n\n\n<figure class=\"wp-block-audio\"><audio controls src=\"http:\/\/wseesko.de\/wp-content\/uploads\/2019\/04\/Mittagsstunde_Ausschnitt.mp3\"><\/audio><figcaption class=\"wp-element-caption\">Ausschnitt &#8222;Mittagsstunde&#8220; (RB\/NDR 2019)<\/figcaption><\/figure>\n\n\n\n<hr class=\"wp-block-separator has-css-opacity\"\/>\n\n\n\n<p><b>DICKIE DICK DICKENS &#8211; Liveh\u00f6rspiel<\/b><br>B\u00fchnenfassung und (Co-) Regie. Mitschnitt aus dem Theater Bremen vom 19.12.2018<\/p>\n\n\n\n<figure class=\"wp-block-audio\"><audio controls src=\"http:\/\/wseesko.de\/wp-content\/uploads\/2019\/05\/AUSSCHNITT-DDD.mp3\"><\/audio><figcaption class=\"wp-element-caption\">Ausschnitt des Livemitschnitts Dickie Dick Dickens, Theater Bremen, 19.12.2018<\/figcaption><\/figure>\n\n\n\n<hr class=\"wp-block-separator has-css-opacity\"\/>\n\n\n\n<p><strong><a rel=\"noreferrer noopener\" aria-label=\"AUDIOKRANKHEITEN (\u00f6ffnet in neuem Tab)\" href=\"https:\/\/www.deutschlandfunkkultur.de\/wurfsendungs-serie-audiokrankheiten.3687.de.html?dram:article_id=426748\" target=\"_blank\">AUDIOKRANKHEITEN<\/a> No 8<\/strong> &#8211; aus der Reihe Wurfsendungen (Deutschlandfunk Kultur 2018)<\/p>\n\n\n\n<figure class=\"wp-block-audio\"><audio controls src=\"https:\/\/wseesko.de\/wp-content\/uploads\/2026\/03\/Audiokrankheiten_Echo.mp3\"><\/audio><figcaption class=\"wp-element-caption\">Audiokrankheiten No 3 &#8211; Echo<\/figcaption><\/figure>\n\n\n\n<figure class=\"wp-block-audio\"><audio controls src=\"http:\/\/wseesko.de\/wp-content\/uploads\/2018\/12\/Audiokrankheiten_Master_20180411_08.wav\"><\/audio><figcaption class=\"wp-element-caption\">Audiokrankheiten No 8 &#8211; Vinylismus<\/figcaption><\/figure>\n\n\n\n<hr class=\"wp-block-separator has-css-opacity\"\/>\n\n\n\n<p><strong>PAARTHERAPEUT KLAUS KRANITZ<\/strong> (2.Staffel) von Jan Georg Sch\u00fctte und Wolfgang Seesko \/ H\u00f6rprobe &#8211; Das Ehepaar Just:<\/p>\n\n\n\n<figure class=\"wp-block-audio\"><audio controls src=\"http:\/\/wseesko.de\/wp-content\/uploads\/2018\/09\/H\u00f6rprobe-Paartherapeut_Just.mp3\"><\/audio><figcaption class=\"wp-element-caption\">Der Paartherapeut \/ Staffel II \/ Folge 1 &#8211; Das Ehepaar Just (Ausschnitt)<\/figcaption><\/figure>\n\n\n\n<hr class=\"wp-block-separator has-css-opacity\"\/>\n\n\n\n<p><strong>HARALD<\/strong> &#8211; Originalh\u00f6rspiel von Annette Scheld (NDR 2017, 51,23 min) <\/p>\n\n\n\n<figure class=\"wp-block-audio\"><audio controls src=\"http:\/\/wseesko.de\/wp-content\/uploads\/2014\/01\/Harald-Ausschnitt.mp3\"><\/audio><figcaption class=\"wp-element-caption\">Harald &#8211; Kriminalh\u00f6rspiel von Annette Scheld (Ausschnitt)<\/figcaption><\/figure>\n\n\n\n<hr class=\"wp-block-separator has-css-opacity\"\/>\n\n\n\n<p><strong>PAARTHERAPEUT KLAUS KRANITZ &#8211; BEI TRENNUNG GELD ZUR\u00dcCK <\/strong> H\u00f6rspielserie in neun Folgen (Radio Bremen 2017, ca. 15 min pro Folge) von Jan Georg Sch\u00fctte und Wolfgang Seesko<\/p>\n\n\n\n<figure class=\"wp-block-audio\"><audio controls src=\"http:\/\/wseesko.de\/wp-content\/uploads\/2014\/01\/Kranitz_Trailer3_Intranet.mp3\"><\/audio><figcaption class=\"wp-element-caption\"> Der Paartherapeut \/ Staffel I \/ Trailer<\/figcaption><\/figure>\n\n\n\n<hr class=\"wp-block-separator has-css-opacity\"\/>\n\n\n\n<p><strong>MERKW\u00dcRDIGER JUNGE, GEFUNDEN IM NEUWAGEN &#8211;<\/strong> Originalh\u00f6rspiel von Christian Bernhardt (DLF Kultur 2017, 52,58 min) <\/p>\n\n\n\n<figure class=\"wp-block-audio\"><audio controls src=\"http:\/\/wseesko.de\/wp-content\/uploads\/2014\/01\/Ausschnitt-Junge.mp3\"><\/audio><figcaption class=\"wp-element-caption\">Merkw\u00fcrdiger Junge, gefunden im Neuwagen &#8211; H\u00f6rspiel von Christian Bernhardt (Ausschnitt)<\/figcaption><\/figure>\n\n\n\n<hr class=\"wp-block-separator has-css-opacity\"\/>\n\n\n\n<p><strong>DIE HEXENBRAUT &#8211; <\/strong> <br>Originalh\u00f6rspiel von <a rel=\"noreferrer noopener\" href=\"http:\/\/www.frank-schulz.eu\/\" target=\"_blank\">Frank Schulz<\/a> (NDR 2017, 46,52 min) <\/p>\n\n\n\n<figure class=\"wp-block-audio\"><audio controls src=\"http:\/\/wseesko.de\/wp-content\/uploads\/2016\/12\/HexenbrautTrailer.mp3\"><\/audio><figcaption class=\"wp-element-caption\">Die Hexenbraut &#8211; H\u00f6rspiel von Frank Schulz (Ausschnitt)<\/figcaption><\/figure>\n\n\n\n<hr class=\"wp-block-separator has-css-opacity\"\/>\n\n\n\n<p><strong>ALTES LAND &#8211;<\/strong> <br>Bearbeitung und Regie nach Motiven des gleichnamigen Romans von <a rel=\"noreferrer noopener\" href=\"https:\/\/de.wikipedia.org\/wiki\/D%C3%B6rte_Hansen\" target=\"_blank\">D\u00f6rte Hansen<\/a> (Radio Bremen\/NDR 2016, 51,20 min) <\/p>\n\n\n\n<figure class=\"wp-block-audio\"><audio controls src=\"http:\/\/wseesko.de\/wp-content\/uploads\/2014\/01\/altes-Land-Ausschnitt.mp3\"><\/audio><figcaption class=\"wp-element-caption\">Altes Land &#8211; H\u00f6rspiel nach Motiven des gleichnamigen Romans von D\u00f6rte Hansen (Ausschnitt)<\/figcaption><\/figure>\n\n\n\n<hr class=\"wp-block-separator has-css-opacity\"\/>\n\n\n\n<p><strong>AUF DER SUCHE NACH CHET BAKER &#8211;<\/strong> <br>Bearbeitung und Regie des gleichnamigen Romans von <a rel=\"noreferrer noopener\" href=\"https:\/\/de.wikipedia.org\/wiki\/Bill_Moody\" target=\"_blank\">Bill Moody<\/a> (NDR 2016, 53,44 min) <\/p>\n\n\n\n<figure class=\"wp-block-audio\"><audio controls src=\"http:\/\/wseesko.de\/wp-content\/uploads\/2016\/02\/Chet-Ausschnitt-Web.mp3\"><\/audio><figcaption class=\"wp-element-caption\">Auf der Suche nach Chet Baker &#8211; Krimnalh\u00f6rspiel nach dem Roman von Bill Moody (Ausschnitt)<\/figcaption><\/figure>\n\n\n\n<hr class=\"wp-block-separator has-css-opacity\"\/>\n\n\n\n<p><strong>&#8218;STILLE ARBEIT IM BERGWERK DES TEXTES&#8216; &#8211; in Erinnerung an G\u00fcnter Bommert<br><\/strong>Radioportr\u00e4t des Bremer H\u00f6rspieldramaturgen (Radio Bremen 2015, 53&#8217;18 min)<strong><strong><br><\/strong><\/strong><\/p>\n\n\n\n<figure class=\"wp-block-audio\"><audio controls src=\"http:\/\/wseesko.de\/wp-content\/uploads\/2014\/01\/Bommertprolog.mp3\"><\/audio><figcaption class=\"wp-element-caption\">&#8218;Stille Arbeit im Bergwerk des Textes&#8216; &#8211; Radioportr\u00e4t des Dramaturgen G\u00fcnter Bommert (Ausschnitt)<\/figcaption><\/figure>\n\n\n\n<hr class=\"wp-block-separator has-css-opacity\"\/>\n\n\n\n<p><strong>MUTTER UND SOHN &#8211;<\/strong> <br>(NDR\/SWR 2015, 48&#8217;38 min) H\u00f6rspieldoku nach einer Live-Performance von <a href=\"http:\/\/www.jangeorgschuette.de\/\" target=\"_blank\" rel=\"noreferrer noopener\">Jan Georg Sch\u00fctte<\/a> im Rahmen der <a href=\"http:\/\/www.ard.de\/home\/radio\/ARD_Hoerspieltage_2014\/1162846\/index.html\" target=\"_blank\" rel=\"noreferrer noopener\">ARD-H\u00f6rspieltage <\/a>2014<\/p>\n\n\n\n<figure class=\"wp-block-audio\"><audio controls src=\"http:\/\/wseesko.de\/wp-content\/uploads\/2014\/01\/Mutter und Sohn Ausschnitt_01.mp3\"><\/audio><figcaption class=\"wp-element-caption\">Mutter und Sohn &#8211; Live-H\u00f6rspiel-Doku (Ausschnitt)<\/figcaption><\/figure>\n\n\n\n<hr class=\"wp-block-separator has-css-opacity\"\/>\n\n\n\n<p><strong>ONNO VIETS UND DER IRRE VOM KIEZ &#8211;<\/strong> <br>nach dem gleichnamigen Roman von <a rel=\"noreferrer noopener\" href=\"http:\/\/www.frank-schulz.eu\/\" target=\"_blank\">Frank Schulz<\/a> (NDR 2013, 79&#8217;57 min) <\/p>\n\n\n\n<figure class=\"wp-block-audio\"><audio controls src=\"http:\/\/wseesko.de\/wp-content\/uploads\/TrailerOnno.mp3\"><\/audio><figcaption class=\"wp-element-caption\">Onno Viets und der Irre vom Kiez &#8211; H\u00f6rspiel nach dem Roman von Frank Schulz (Ausschnitt)<\/figcaption><\/figure>\n\n\n\n<hr class=\"wp-block-separator has-css-opacity\"\/>\n\n\n\n<p><strong>DER ALLTAG DES HERRN HELD &#8211;<\/strong> <br>von Wolfgang Seesko und <a rel=\"noreferrer noopener\" href=\"http:\/\/www.jangeorgschuette.de\/\" target=\"_blank\">Jan Georg Sch\u00fctte<\/a> (NDR 2012, 50&#8217;59 min) <\/p>\n\n\n\n<figure class=\"wp-block-audio\"><audio controls src=\"http:\/\/wseesko.de\/wp-content\/uploads\/2014\/01\/TrailerHeld.mp3\"><\/audio><figcaption class=\"wp-element-caption\">Der Alltag des Herrn Held &#8211; Originalh\u00f6rspiel (Ausschnitt)<\/figcaption><\/figure>\n\n\n\n<hr class=\"wp-block-separator has-css-opacity\"\/>\n\n\n\n<p><strong>HANS G\u00dcNTHER OESTERREICH &#8211; &#8218;&#8230;NACHT ANNA&#8216; &#8211;<\/strong> <br>Radioportr\u00e4t von Wolfgang Seesko (Radio Bremen 2011, 117,30 min)<\/p>\n\n\n\n<figure class=\"wp-block-audio\"><audio controls src=\"http:\/\/wseesko.de\/wp-content\/uploads\/2014\/01\/TrailerHGO192kbit.mp3\"><\/audio><figcaption class=\"wp-element-caption\">&#8218;&#8230;Nacht Anna&#8216; &#8211; Radioportr\u00e4t von Hans G\u00fcnther Oesterreich (Ausschnitt)<\/figcaption><\/figure>\n\n\n\n<hr class=\"wp-block-separator has-css-opacity\"\/>\n","protected":false},"excerpt":{"rendered":"<p>DAT F\u00dcERSCHIPP (Teil 1+2) Niederdeutsches H\u00f6rspiel nach der Erz\u00e4hlung &#8222;Das Feuerschiff&#8220; von Siegfried Lenz. (RB\/NDR 2026) TAORMINA Krimih\u00f6rspiel nach dem gleichnamigen Roman von Yves Ravey (NDR 2025) RUSSISCHE BOTSCHAFTEN Thriller in vier Teilen von Yassin Musharbash (Deutschlandfunk Kultur 2023) DE KAWENTSMANN Niederdeutsches H\u00f6rspiel von Helga B\u00fcrster (Radio Bremen\/NDR 2023) LANDUNTER H\u00f6rspiel f\u00fcr das Gemeinschaftsprojekt &#8222;2035 &hellip; <\/p>\n<p class=\"link-more\"><a href=\"https:\/\/wseesko.de\/?page_id=64\" class=\"more-link\"><span class=\"screen-reader-text\">\u201eH\u00f6rproben\u201c <\/span>weiterlesen<\/a><\/p>\n","protected":false},"author":1,"featured_media":0,"parent":0,"menu_order":0,"comment_status":"closed","ping_status":"closed","template":"","meta":{"footnotes":""},"class_list":["post-64","page","type-page","status-publish","hentry"],"_links":{"self":[{"href":"https:\/\/wseesko.de\/index.php?rest_route=\/wp\/v2\/pages\/64","targetHints":{"allow":["GET"]}}],"collection":[{"href":"https:\/\/wseesko.de\/index.php?rest_route=\/wp\/v2\/pages"}],"about":[{"href":"https:\/\/wseesko.de\/index.php?rest_route=\/wp\/v2\/types\/page"}],"author":[{"embeddable":true,"href":"https:\/\/wseesko.de\/index.php?rest_route=\/wp\/v2\/users\/1"}],"replies":[{"embeddable":true,"href":"https:\/\/wseesko.de\/index.php?rest_route=%2Fwp%2Fv2%2Fcomments&post=64"}],"version-history":[{"count":78,"href":"https:\/\/wseesko.de\/index.php?rest_route=\/wp\/v2\/pages\/64\/revisions"}],"predecessor-version":[{"id":886,"href":"https:\/\/wseesko.de\/index.php?rest_route=\/wp\/v2\/pages\/64\/revisions\/886"}],"wp:attachment":[{"href":"https:\/\/wseesko.de\/index.php?rest_route=%2Fwp%2Fv2%2Fmedia&parent=64"}],"curies":[{"name":"wp","href":"https:\/\/api.w.org\/{rel}","templated":true}]}}