{"id":41,"date":"2014-01-26T15:41:17","date_gmt":"2014-01-26T13:41:17","guid":{"rendered":"http:\/\/wseesko.de\/?page_id=41"},"modified":"2026-05-04T18:17:35","modified_gmt":"2026-05-04T16:17:35","slug":"regiearbeiten-fuer-den-hoerverlag","status":"publish","type":"page","link":"https:\/\/wseesko.de\/?page_id=41","title":{"rendered":"Lesungen"},"content":{"rendered":"\n<p>Regiearbeiten f\u00fcr den H\u00f6rverlag (Auswahl)<\/p>\n\n\n\n<p><a href=\"https:\/\/www.penguin.de\/buecher\/birgit-bachmann-ein-samstag-im-august\/hoerbuch-download\/9783844556995\" target=\"_blank\" rel=\"noreferrer noopener\">2026 Ein Samstag im August von Birgit Bachmann, gelesen von Barbara Auer<\/a><\/p>\n\n\n\n<figure class=\"wp-block-image size-full is-resized\"><a href=\"https:\/\/www.penguin.de\/buecher\/birgit-bachmann-ein-samstag-im-august\/hoerbuch-download\/9783844556995\" target=\"_blank\" rel=\" noreferrer noopener\"><img loading=\"lazy\" decoding=\"async\" width=\"350\" height=\"350\" src=\"https:\/\/wseesko.de\/wp-content\/uploads\/2026\/05\/bachmann-bein-samstag-im-august-dl-264933-jpg.webp\" alt=\"\" class=\"wp-image-898\" style=\"width:321px;height:auto\" srcset=\"https:\/\/wseesko.de\/wp-content\/uploads\/2026\/05\/bachmann-bein-samstag-im-august-dl-264933-jpg.webp 350w, https:\/\/wseesko.de\/wp-content\/uploads\/2026\/05\/bachmann-bein-samstag-im-august-dl-264933-jpg-300x300.webp 300w, https:\/\/wseesko.de\/wp-content\/uploads\/2026\/05\/bachmann-bein-samstag-im-august-dl-264933-jpg-150x150.webp 150w, https:\/\/wseesko.de\/wp-content\/uploads\/2026\/05\/bachmann-bein-samstag-im-august-dl-264933-jpg-100x100.webp 100w\" sizes=\"auto, (max-width: 350px) 100vw, 350px\" \/><\/a><\/figure>\n\n\n\n<p><a href=\"https:\/\/www.penguin.de\/buecher\/judith-hermann-ich-moechte-zurueckgehen-in-der-zeit\/hoerbuch-mp3-cd\/9783844556421\" target=\"_blank\" rel=\"noreferrer noopener\">2025, Ich m\u00f6chte zur\u00fcckgehen in der Zeit, gelesen von der Autorin<\/a><\/p>\n\n\n\n<figure class=\"wp-block-image size-large is-resized\"><a href=\"https:\/\/www.penguin.de\/buecher\/judith-hermann-ich-moechte-zurueckgehen-in-der-zeit\/hoerbuch-mp3-cd\/9783844556421\" target=\"_blank\" rel=\" noreferrer noopener\"><img loading=\"lazy\" decoding=\"async\" width=\"1024\" height=\"1024\" src=\"https:\/\/wseesko.de\/wp-content\/uploads\/2025\/12\/Hermann_zurueck-1024x1024.jpg\" alt=\"\" class=\"wp-image-864\" style=\"width:304px;height:auto\" srcset=\"https:\/\/wseesko.de\/wp-content\/uploads\/2025\/12\/Hermann_zurueck-1024x1024.jpg 1024w, https:\/\/wseesko.de\/wp-content\/uploads\/2025\/12\/Hermann_zurueck-300x300.jpg 300w, https:\/\/wseesko.de\/wp-content\/uploads\/2025\/12\/Hermann_zurueck-150x150.jpg 150w, https:\/\/wseesko.de\/wp-content\/uploads\/2025\/12\/Hermann_zurueck-768x768.jpg 768w, https:\/\/wseesko.de\/wp-content\/uploads\/2025\/12\/Hermann_zurueck-100x100.jpg 100w, https:\/\/wseesko.de\/wp-content\/uploads\/2025\/12\/Hermann_zurueck.jpg 1500w\" sizes=\"auto, (max-width: 767px) 89vw, (max-width: 1000px) 54vw, (max-width: 1071px) 543px, 580px\" \/><\/a><\/figure>\n\n\n\n<p><a href=\"https:\/\/www.penguin.de\/Hoerbuch-Download\/19-521-Schritte\/Guido-Maria-Kretschmer\/der-Hoerverlag\/e623293.rhd\">2023, 19.521 Schritte. Vom Gl\u00fcck der unerwarteten Begegnung, gelesen vom Autor<\/a><\/p>\n\n\n\n<figure class=\"wp-block-image size-full is-resized\"><a href=\"http:\/\/wseesko.de\/wp-content\/uploads\/2024\/01\/19-521-schritte.jpeg\"><img loading=\"lazy\" decoding=\"async\" width=\"600\" height=\"600\" src=\"http:\/\/wseesko.de\/wp-content\/uploads\/2024\/01\/19-521-schritte.jpeg\" alt=\"\" class=\"wp-image-774\" style=\"width:301px;height:auto\" srcset=\"https:\/\/wseesko.de\/wp-content\/uploads\/2024\/01\/19-521-schritte.jpeg 600w, https:\/\/wseesko.de\/wp-content\/uploads\/2024\/01\/19-521-schritte-300x300.jpeg 300w, https:\/\/wseesko.de\/wp-content\/uploads\/2024\/01\/19-521-schritte-150x150.jpeg 150w, https:\/\/wseesko.de\/wp-content\/uploads\/2024\/01\/19-521-schritte-100x100.jpeg 100w\" sizes=\"auto, (max-width: 600px) 100vw, 600px\" \/><\/a><\/figure>\n\n\n\n<p>2020, \u00dcber Leben von Dirk Steffens und Fritz Habeku\u00df, gelesen von den Autoren <\/p>\n\n\n\n<figure class=\"wp-block-image size-large\"><img loading=\"lazy\" decoding=\"async\" width=\"300\" height=\"316\" src=\"http:\/\/wseesko.de\/wp-content\/uploads\/2020\/03\/\u00dcBERLEBEN-2-e1584971914649.jpg\" alt=\"\" class=\"wp-image-551\"\/><\/figure>\n\n\n\n<p>2019, Handeln statt Hoffen von Carola Rackete, gelesen von Jodie Ahlborn<\/p>\n\n\n\n<figure class=\"wp-block-image is-resized\"><img loading=\"lazy\" decoding=\"async\" width=\"350\" height=\"315\" src=\"http:\/\/wseesko.de\/wp-content\/uploads\/2019\/10\/Rackete.jpg\" alt=\"\" class=\"wp-image-514\" srcset=\"https:\/\/wseesko.de\/wp-content\/uploads\/2019\/10\/Rackete.jpg 350w, https:\/\/wseesko.de\/wp-content\/uploads\/2019\/10\/Rackete-300x270.jpg 300w\" sizes=\"auto, (max-width: 350px) 100vw, 350px\" \/><\/figure>\n\n\n\n<p>2019, Bin im Garten von Meike Winnemuth, gelesen von der Autorin<\/p>\n\n\n\n<figure class=\"wp-block-image is-resized\"><img loading=\"lazy\" decoding=\"async\" width=\"1024\" height=\"1024\" src=\"http:\/\/wseesko.de\/wp-content\/uploads\/2019\/01\/Winnemuth_MBin_im_Garten_DL_194142_300dpi-1024x1024.jpg\" alt=\"\" class=\"wp-image-456\" style=\"width:337px;height:auto\" srcset=\"https:\/\/wseesko.de\/wp-content\/uploads\/2019\/01\/Winnemuth_MBin_im_Garten_DL_194142_300dpi-1024x1024.jpg 1024w, https:\/\/wseesko.de\/wp-content\/uploads\/2019\/01\/Winnemuth_MBin_im_Garten_DL_194142_300dpi-150x150.jpg 150w, https:\/\/wseesko.de\/wp-content\/uploads\/2019\/01\/Winnemuth_MBin_im_Garten_DL_194142_300dpi-300x300.jpg 300w, https:\/\/wseesko.de\/wp-content\/uploads\/2019\/01\/Winnemuth_MBin_im_Garten_DL_194142_300dpi-768x768.jpg 768w, https:\/\/wseesko.de\/wp-content\/uploads\/2019\/01\/Winnemuth_MBin_im_Garten_DL_194142_300dpi-100x100.jpg 100w\" sizes=\"auto, (max-width: 767px) 89vw, (max-width: 1000px) 54vw, (max-width: 1071px) 543px, 580px\" \/><\/figure>\n\n\n\n<p><a href=\"https:\/\/www.randomhouse.de\/Hoerbuch-MP3\/21-Lektionen-fuer-das-21-Jahrhundert\/Yuval-Noah-Harari\/der-Hoerverlag\/e544780.rhd\" target=\"_blank\" rel=\"noopener noreferrer\">2018, 21 Lektionen f\u00fcr das 21 Jahrhundert von Yuval Noah Harari, gelesen von J\u00fcrgen Holdorf<\/a><\/p>\n\n\n\n<figure class=\"wp-block-image is-resized\"><a href=\"https:\/\/www.randomhouse.de\/Hoerbuch-MP3\/21-Lektionen-fuer-das-21-Jahrhundert\/Yuval-Noah-Harari\/der-Hoerverlag\/e544780.rhd\" target=\"_blank\" rel=\"noopener noreferrer\"><img loading=\"lazy\" decoding=\"async\" width=\"285\" height=\"300\" src=\"http:\/\/wseesko.de\/wp-content\/uploads\/2018\/08\/Harari_21_Lektionen-285x300.jpg\" alt=\"\" class=\"wp-image-353\" srcset=\"https:\/\/wseesko.de\/wp-content\/uploads\/2018\/08\/Harari_21_Lektionen-285x300.jpg 285w, https:\/\/wseesko.de\/wp-content\/uploads\/2018\/08\/Harari_21_Lektionen-768x809.jpg 768w, https:\/\/wseesko.de\/wp-content\/uploads\/2018\/08\/Harari_21_Lektionen-973x1024.jpg 973w\" sizes=\"auto, (max-width: 285px) 100vw, 285px\" \/><\/a><\/figure>\n\n\n\n<p>2017, Homo Deus von Yuval Noah Harari, gelesen von J\u00fcrgen Holdorf<\/p>\n\n\n\n<figure class=\"wp-block-image is-resized\"><img loading=\"lazy\" decoding=\"async\" width=\"284\" height=\"300\" src=\"http:\/\/wseesko.de\/wp-content\/uploads\/2014\/01\/Harari_Homo-Deus-284x300.jpg\" alt=\"\" class=\"wp-image-275\" srcset=\"https:\/\/wseesko.de\/wp-content\/uploads\/2014\/01\/Harari_Homo-Deus-284x300.jpg 284w, https:\/\/wseesko.de\/wp-content\/uploads\/2014\/01\/Harari_Homo-Deus.jpg 600w\" sizes=\"auto, (max-width: 284px) 100vw, 284px\" \/><\/figure>\n\n\n\n<p>2016, Todesm\u00e4rchen von Andreas Gruber, gelesen von Achim Buch<\/p>\n\n\n\n<figure class=\"wp-block-image alignnone is-resized\"><img loading=\"lazy\" decoding=\"async\" width=\"250\" height=\"264\" src=\"http:\/\/wseesko.de\/wp-content\/uploads\/2016\/09\/Gruber_ATodesmaerchen_1MP3_170804-e1473332793473.jpg\" alt=\"Todesmaerchen von Andreas Gruber\" class=\"wp-image-249\"\/><figcaption class=\"wp-element-caption\">Todesmaerchen von Andreas Gruber<\/figcaption><\/figure>\n\n\n\n<p>2016, Im Schatten des Berges von Gregory David Roberts, gelesen von J\u00fcrgen Holdorf<\/p>\n\n\n\n<figure class=\"wp-block-image is-resized\"><img loading=\"lazy\" decoding=\"async\" width=\"284\" height=\"300\" src=\"http:\/\/wseesko.de\/wp-content\/uploads\/2014\/01\/Roberts-284x300.jpg\" alt=\"\" class=\"wp-image-242\" srcset=\"https:\/\/wseesko.de\/wp-content\/uploads\/2014\/01\/Roberts-284x300.jpg 284w, https:\/\/wseesko.de\/wp-content\/uploads\/2014\/01\/Roberts-768x810.jpg 768w, https:\/\/wseesko.de\/wp-content\/uploads\/2014\/01\/Roberts-971x1024.jpg 971w, https:\/\/wseesko.de\/wp-content\/uploads\/2014\/01\/Roberts-624x658.jpg 624w\" sizes=\"auto, (max-width: 284px) 100vw, 284px\" \/><\/figure>\n\n\n\n<p>2016, Dr. Siri und die Geisterfrau von Colin Coterill, gelesen von Peter Weis und Traudel Sperber<\/p>\n\n\n\n<figure class=\"wp-block-image is-resized\"><img loading=\"lazy\" decoding=\"async\" width=\"285\" height=\"300\" src=\"http:\/\/wseesko.de\/wp-content\/uploads\/2014\/01\/coterill-285x300.jpg\" alt=\"coterill\" class=\"wp-image-231\" srcset=\"https:\/\/wseesko.de\/wp-content\/uploads\/2014\/01\/coterill-285x300.jpg 285w, https:\/\/wseesko.de\/wp-content\/uploads\/2014\/01\/coterill.jpg 350w\" sizes=\"auto, (max-width: 285px) 100vw, 285px\" \/><\/figure>\n\n\n\n<p>2015, Der Name Gottes ist Barmherzigkeit von Papst Franziskus, gelesen von Peter Weis und Achim Buch<\/p>\n\n\n\n<figure class=\"wp-block-image is-resized\"><img loading=\"lazy\" decoding=\"async\" width=\"1024\" height=\"921\" src=\"http:\/\/wseesko.de\/wp-content\/uploads\/2019\/01\/Papst_FranziskusBarmherzigkeit_2CD_165556_300dpi-1024x921.jpg\" alt=\"\" class=\"wp-image-452\" style=\"aspect-ratio:1.1118385442173364;width:317px;height:auto\"\/><figcaption class=\"wp-element-caption\">Der Name Gottes ist Barmherzigkeit von Papst Franziskus<\/figcaption><\/figure>\n\n\n\n<p>2015, Wir k\u00f6nnen alles sein, Baby. Poetry-Slam-Texte, gelesen von Julia Engelmann<\/p>\n\n\n\n<figure class=\"wp-block-image is-resized\"><img loading=\"lazy\" decoding=\"async\" width=\"300\" height=\"270\" src=\"http:\/\/wseesko.de\/wp-content\/uploads\/2014\/01\/Engelmann DHV-300x270.jpg\" alt=\"Engelmann DHV\" class=\"wp-image-188\" srcset=\"https:\/\/wseesko.de\/wp-content\/uploads\/2014\/01\/Engelmann%20DHV-300x270.jpg 300w, https:\/\/wseesko.de\/wp-content\/uploads\/2014\/01\/Engelmann%20DHV.jpg 350w\" sizes=\"auto, (max-width: 300px) 100vw, 300px\" \/><\/figure>\n\n\n\n<p>2014, Todesurteil von Andreas Gruber, gelesen von Achim Buch<\/p>\n\n\n\n<figure class=\"wp-block-image is-resized\"><img loading=\"lazy\" decoding=\"async\" width=\"284\" height=\"300\" src=\"http:\/\/wseesko.de\/wp-content\/uploads\/2014\/01\/DHVRegie (19)-284x300.jpg\" alt=\"DHVRegie (19)\" class=\"wp-image-161\" srcset=\"https:\/\/wseesko.de\/wp-content\/uploads\/2014\/01\/DHVRegie%20(19)-284x300.jpg 284w, https:\/\/wseesko.de\/wp-content\/uploads\/2014\/01\/DHVRegie%20(19).jpg 350w\" sizes=\"auto, (max-width: 284px) 100vw, 284px\" \/><\/figure>\n\n\n\n<p>2014, Extinction von Kazuaki Takano, gelesen von Sascha Rothermund<\/p>\n\n\n\n<figure class=\"wp-block-image is-resized\"><img loading=\"lazy\" decoding=\"async\" width=\"284\" height=\"300\" src=\"http:\/\/wseesko.de\/wp-content\/uploads\/2014\/01\/Extinction-284x300.jpg\" alt=\"\" class=\"wp-image-150\" srcset=\"https:\/\/wseesko.de\/wp-content\/uploads\/2014\/01\/Extinction-284x300.jpg 284w, https:\/\/wseesko.de\/wp-content\/uploads\/2014\/01\/Extinction.jpg 350w\" sizes=\"auto, (max-width: 284px) 100vw, 284px\" \/><\/figure>\n\n\n\n<p>2014, Spiel der Zeit, gelesen von Ulla Hahn<\/p>\n\n\n\n<figure class=\"wp-block-image is-resized\"><img loading=\"lazy\" decoding=\"async\" width=\"195\" height=\"175\" src=\"http:\/\/wseesko.de\/wp-content\/uploads\/2014\/01\/hahn.jpg\" alt=\"hahn\" class=\"wp-image-146\" style=\"width:287px;height:auto\"\/><\/figure>\n\n\n\n<p>2014, Der Eiserne Sommer, gelesen von Johannes Steck, Jens Wawrczeck und Kai Henrik M\u00f6ller<a href=\"http:\/\/www.randomhouse.de\/Presse\/Hoerbuch-MP3\/Der-eiserne-Sommer\/Angelika-Felenda\/pr467327.rhd\" target=\"_blank\" rel=\"noopener noreferrer\"><\/a>(Regie bei den beiden Letztgenannten)<\/p>\n\n\n\n<figure class=\"wp-block-image is-resized\"><a href=\"https:\/\/www.randomhouse.de\/Hoerbuch-Download\/Der-eiserne-Sommer\/Angelika-Felenda\/der-Hoerverlag\/e472548.rhd\" target=\"_blank\" rel=\"noopener noreferrer\"><img loading=\"lazy\" decoding=\"async\" width=\"284\" height=\"300\" src=\"http:\/\/wseesko.de\/wp-content\/uploads\/2014\/01\/DHVRegie (18)-284x300.jpg\" alt=\"\" class=\"wp-image-141\" srcset=\"https:\/\/wseesko.de\/wp-content\/uploads\/2014\/01\/DHVRegie%20(18)-284x300.jpg 284w, https:\/\/wseesko.de\/wp-content\/uploads\/2014\/01\/DHVRegie%20(18)-970x1024.jpg 970w, https:\/\/wseesko.de\/wp-content\/uploads\/2014\/01\/DHVRegie%20(18)-624x658.jpg 624w\" sizes=\"auto, (max-width: 284px) 100vw, 284px\" \/><\/a><\/figure>\n\n\n\n<p>2013, Sesamstra\u00dfe &#8211; Die sch\u00f6nsten Geschichten, gelesen von Robert Missler<\/p>\n\n\n\n<figure class=\"wp-block-image\"><img loading=\"lazy\" decoding=\"async\" width=\"300\" height=\"300\" src=\"http:\/\/wseesko.de\/wp-content\/uploads\/2014\/01\/DHVRegie (17)-300x300.jpg\" alt=\"\" class=\"wp-image-119\" srcset=\"https:\/\/wseesko.de\/wp-content\/uploads\/2014\/01\/DHVRegie%20(17)-300x300.jpg 300w, https:\/\/wseesko.de\/wp-content\/uploads\/2014\/01\/DHVRegie%20(17)-150x150.jpg 150w, https:\/\/wseesko.de\/wp-content\/uploads\/2014\/01\/DHVRegie%20(17).jpg 350w\" sizes=\"auto, (max-width: 300px) 100vw, 300px\" \/><\/figure>\n\n\n\n<p>2012, Shades Of Grey, gelesen von Merete Brettschneider<\/p>\n\n\n\n<figure class=\"wp-block-image is-resized\"><img loading=\"lazy\" decoding=\"async\" width=\"175\" height=\"175\" src=\"http:\/\/wseesko.de\/wp-content\/uploads\/2014\/01\/DHVRegie-1.jpg\" alt=\"Shades of Grey\" class=\"wp-image-42\" style=\"width:292px;height:auto\" srcset=\"https:\/\/wseesko.de\/wp-content\/uploads\/2014\/01\/DHVRegie-1.jpg 175w, https:\/\/wseesko.de\/wp-content\/uploads\/2014\/01\/DHVRegie-1-150x150.jpg 150w\" sizes=\"auto, (max-width: 175px) 100vw, 175px\" \/><\/figure>\n\n\n\n<p>2012, Das Gro\u00dfe Los, gelesen von Maike Winnemuth<\/p>\n\n\n\n<figure class=\"wp-block-image is-resized\"><img decoding=\"async\" src=\"http:\/\/wseesko.de\/wp-content\/uploads\/2014\/01\/DHVRegie-8-300x270.jpg\" alt=\"Das gro\u00dfe Los\"\/><\/figure>\n\n\n\n<p>2012, Dr\u00fcberleben, gelesen von Kathrin We\u00dfling<\/p>\n\n\n\n<figure class=\"wp-block-image is-resized\"><img decoding=\"async\" src=\"http:\/\/wseesko.de\/wp-content\/uploads\/2014\/01\/DHVRegie-7-300x274.jpg\" alt=\"Dr\u00fcberleben\"\/><\/figure>\n\n\n\n<p>2011, Wiederworte, Gedichte gelesen von Ulla Hahn<\/p>\n\n\n\n<figure class=\"wp-block-image is-resized\"><img loading=\"lazy\" decoding=\"async\" width=\"300\" height=\"268\" src=\"http:\/\/wseesko.de\/wp-content\/uploads\/2014\/01\/DHVRegie-11-300x268.jpg\" alt=\"DHVRegie (11)\" class=\"wp-image-52\" srcset=\"https:\/\/wseesko.de\/wp-content\/uploads\/2014\/01\/DHVRegie-11-300x268.jpg 300w, https:\/\/wseesko.de\/wp-content\/uploads\/2014\/01\/DHVRegie-11.jpg 350w\" sizes=\"auto, (max-width: 300px) 100vw, 300px\" \/><\/figure>\n\n\n\n<p>2011, Tom Sawyer als Detektiv, gelesen von David Kross<\/p>\n\n\n\n<figure class=\"wp-block-image is-resized\"><img decoding=\"async\" src=\"http:\/\/wseesko.de\/wp-content\/uploads\/2014\/01\/DHVRegie-4-300x297.jpg\" alt=\"Tom Sawyer als Detektiv\"\/><\/figure>\n\n\n\n<p>2011, Erebos, gelesen von Jens Wawrczeck <\/p>\n\n\n\n<figure class=\"wp-block-image is-resized\"><img decoding=\"async\" src=\"http:\/\/wseesko.de\/wp-content\/uploads\/2014\/01\/DHVRegie-5-300x258.jpg\" alt=\"Erebos\"\/><\/figure>\n\n\n\n<p>2010, Angelus, gelesen von Regine Lemnitz<\/p>\n\n\n\n<figure class=\"wp-block-image is-resized\"><img loading=\"lazy\" decoding=\"async\" width=\"297\" height=\"300\" src=\"http:\/\/wseesko.de\/wp-content\/uploads\/2014\/01\/DHVRegie-3-297x300.jpg\" alt=\"Angelus\" class=\"wp-image-44\" srcset=\"https:\/\/wseesko.de\/wp-content\/uploads\/2014\/01\/DHVRegie-3-297x300.jpg 297w, https:\/\/wseesko.de\/wp-content\/uploads\/2014\/01\/DHVRegie-3.jpg 350w\" sizes=\"auto, (max-width: 297px) 100vw, 297px\" \/><\/figure>\n\n\n\n<p>2007, Das Wolkenvolk, H\u00f6rspiel mit diversen Schauspielern<\/p>\n\n\n\n<figure class=\"wp-block-image is-resized\"><img decoding=\"async\" src=\"http:\/\/wseesko.de\/wp-content\/uploads\/2014\/01\/DHVRegie-2-300x297.jpg\" alt=\"Das Wolkenvolk\"\/><\/figure>\n","protected":false},"excerpt":{"rendered":"<p>Regiearbeiten f\u00fcr den H\u00f6rverlag (Auswahl) 2026 Ein Samstag im August von Birgit Bachmann, gelesen von Barbara Auer 2025, Ich m\u00f6chte zur\u00fcckgehen in der Zeit, gelesen von der Autorin 2023, 19.521 Schritte. Vom Gl\u00fcck der unerwarteten Begegnung, gelesen vom Autor 2020, \u00dcber Leben von Dirk Steffens und Fritz Habeku\u00df, gelesen von den Autoren 2019, Handeln statt &hellip; <\/p>\n<p class=\"link-more\"><a href=\"https:\/\/wseesko.de\/?page_id=41\" class=\"more-link\"><span class=\"screen-reader-text\">\u201eLesungen\u201c <\/span>weiterlesen<\/a><\/p>\n","protected":false},"author":1,"featured_media":0,"parent":0,"menu_order":0,"comment_status":"closed","ping_status":"closed","template":"","meta":{"footnotes":""},"class_list":["post-41","page","type-page","status-publish","hentry"],"_links":{"self":[{"href":"https:\/\/wseesko.de\/index.php?rest_route=\/wp\/v2\/pages\/41","targetHints":{"allow":["GET"]}}],"collection":[{"href":"https:\/\/wseesko.de\/index.php?rest_route=\/wp\/v2\/pages"}],"about":[{"href":"https:\/\/wseesko.de\/index.php?rest_route=\/wp\/v2\/types\/page"}],"author":[{"embeddable":true,"href":"https:\/\/wseesko.de\/index.php?rest_route=\/wp\/v2\/users\/1"}],"replies":[{"embeddable":true,"href":"https:\/\/wseesko.de\/index.php?rest_route=%2Fwp%2Fv2%2Fcomments&post=41"}],"version-history":[{"count":53,"href":"https:\/\/wseesko.de\/index.php?rest_route=\/wp\/v2\/pages\/41\/revisions"}],"predecessor-version":[{"id":900,"href":"https:\/\/wseesko.de\/index.php?rest_route=\/wp\/v2\/pages\/41\/revisions\/900"}],"wp:attachment":[{"href":"https:\/\/wseesko.de\/index.php?rest_route=%2Fwp%2Fv2%2Fmedia&parent=41"}],"curies":[{"name":"wp","href":"https:\/\/api.w.org\/{rel}","templated":true}]}}