{"id":236,"date":"2016-05-18T17:47:56","date_gmt":"2016-05-18T15:47:56","guid":{"rendered":"http:\/\/wseesko.de\/?page_id=236"},"modified":"2023-05-15T20:26:41","modified_gmt":"2023-05-15T18:26:41","slug":"auszeichnungen","status":"publish","type":"page","link":"https:\/\/wseesko.de\/?page_id=236","title":{"rendered":"Auszeichnungen"},"content":{"rendered":"\n<p><a rel=\"noreferrer noopener\" href=\"https:\/\/www.tagesschau.de\/inland\/regional\/schleswigholstein\/ndr-zonser-hoerspielpreis-2023-fuer-de-kawentsmann-100.html\" target=\"_blank\">Zonser H\u00f6rspielpreis 2023<\/a> f\u00fcr &#8222;De Kawentsmann&#8220; (RB\/NDR) von Helga B\u00fcrster. <\/p>\n\n\n\n<hr class=\"wp-block-separator has-alpha-channel-opacity\"\/>\n\n\n\n<p>Zweiter Platz im Wettbewerb um das &#8222;beste regionale Mundarth\u00f6rspiel 2022&#8220; f\u00fcr das im vorigen Jahr inszenierte niederdeutsche H\u00f6rspiel <a rel=\"noreferrer noopener\" href=\"https:\/\/www.radiobremen.de\/aktuelles\/zonser-hoerspieltage-100.html\" target=\"_blank\">&#8222;\u00dcm de Eck&#8220;<\/a> (RB\/NDR) von Hugo Rendler bei den <a href=\"https:\/\/de.wikipedia.org\/wiki\/Zonser_H%C3%B6rspieltage\" target=\"_blank\" rel=\"noreferrer noopener\">Zonser H\u00f6rspieltagen<\/a>.<\/p>\n\n\n\n<hr class=\"wp-block-separator has-css-opacity\"\/>\n\n\n\n<p><a href=\"https:\/\/de.wikipedia.org\/wiki\/Kranitz_%E2%80%93_Bei_Trennung_Geld_zur%C3%BCck\" target=\"_blank\" rel=\"noreferrer noopener\">Kranitz \u2013 Bei Trennung Geld zur\u00fcck<\/a> (FLORIDA Film f\u00fcr ARD Degeto\/NDR) Nominierung zum Grimme-Preis 2022<\/p>\n\n\n\n<figure class=\"wp-block-image size-full\"><a href=\"https:\/\/www.grimme-preis.de\/58-grimme-preis-2022\/nominierungen\/n\/d\/kranitz-bei-trennung-geld-zurueck-florida-film-fuer-ard-degeto-ndr\"><img loading=\"lazy\" decoding=\"async\" width=\"450\" height=\"120\" src=\"http:\/\/wseesko.de\/wp-content\/uploads\/2022\/02\/logo_grimme-preis.png\" alt=\"\" class=\"wp-image-679\" srcset=\"https:\/\/wseesko.de\/wp-content\/uploads\/2022\/02\/logo_grimme-preis.png 450w, https:\/\/wseesko.de\/wp-content\/uploads\/2022\/02\/logo_grimme-preis-300x80.png 300w\" sizes=\"auto, (max-width: 450px) 100vw, 450px\" \/><\/a><figcaption class=\"wp-element-caption\">58. Grimme-Preis 2022<\/figcaption><\/figure>\n\n\n\n<hr class=\"wp-block-separator has-css-opacity\"\/>\n\n\n\n<p><a rel=\"noreferrer noopener\" href=\"https:\/\/www.drk-medienpreis.de\/preistraeger.html\" target=\"_blank\">DRK Medienpreis 2020<\/a> f\u00fcr das Feature &#8222;<strong>Commandante Rodolfo \u2013 der Partisan aus Bremen<\/strong>&#8220; an Autorin  Ulrike Petzold.<\/p>\n\n\n\n<figure class=\"wp-block-image size-large\"><img loading=\"lazy\" decoding=\"async\" width=\"286\" height=\"306\" src=\"http:\/\/wseesko.de\/wp-content\/uploads\/2020\/05\/Logo-Medienpreis.png\" alt=\"\" class=\"wp-image-560\" srcset=\"https:\/\/wseesko.de\/wp-content\/uploads\/2020\/05\/Logo-Medienpreis.png 286w, https:\/\/wseesko.de\/wp-content\/uploads\/2020\/05\/Logo-Medienpreis-280x300.png 280w\" sizes=\"auto, (max-width: 286px) 100vw, 286px\" \/><\/figure>\n\n\n\n<hr class=\"wp-block-separator has-css-opacity\"\/>\n\n\n\n<p>H\u00f6rspiel des Monats f\u00fcr &#8222;PAARTHERAPEUT KLAUS KRANITZ&#8220; (2. Staffel) &#8211; <a href=\"https:\/\/www.darstellendekuenste.de\/id-2018.html\" target=\"_blank\" rel=\"noopener noreferrer\">Jurybegr\u00fcndung<\/a><\/p>\n\n\n\n<hr class=\"wp-block-separator has-css-opacity\"\/>\n\n\n\n<figure class=\"wp-block-image\"><a href=\"http:\/\/wseesko.de\/wp-content\/uploads\/2018\/08\/PI22018.jpg\"><img loading=\"lazy\" decoding=\"async\" width=\"489\" height=\"103\" src=\"http:\/\/wseesko.de\/wp-content\/uploads\/2018\/08\/PI22018.jpg\" alt=\"\" class=\"wp-image-358\" srcset=\"https:\/\/wseesko.de\/wp-content\/uploads\/2018\/08\/PI22018.jpg 489w, https:\/\/wseesko.de\/wp-content\/uploads\/2018\/08\/PI22018-300x63.jpg 300w\" sizes=\"auto, (max-width: 489px) 100vw, 489px\" \/><\/a><\/figure>\n\n\n\n<p>ARD-Nominierung der 1.Staffel von <strong>PAARTHERAPEUT KLAUS KRANITZ &#8211; Bei Trennung Geld zur\u00fcck <\/strong>zum Prix Italia 2018<\/p>\n\n\n\n<hr class=\"wp-block-separator has-css-opacity\"\/>\n\n\n\n<p><strong>PAARTHERAPEUT KLAUS KRANITZ &#8211; Bei Trennung Geld zur\u00fcck <\/strong><\/p>\n\n\n\n<p>Nominierung zum <a href=\"http:\/\/prixeuropa.eu\/home\" target=\"_blank\" rel=\"noopener noreferrer\">prix europa 2017<\/a>, Kategorie RADIO FICTION \/ Single radio drama programmes &amp; episodes from series and serials. (5. Platz)<\/p>\n\n\n\n<figure class=\"wp-block-image\"><a href=\"http:\/\/kio.contain.s3-eu-west-1.amazonaws.com\/prixeuropa\/e9\/16b6b08eee11e7826aedd3451287ce\/2017_Nominations_05_Radio_Fiction.pdf\" target=\"_blank\" rel=\"noopener noreferrer\"><img loading=\"lazy\" decoding=\"async\" width=\"276\" height=\"300\" src=\"http:\/\/wseesko.de\/wp-content\/uploads\/2016\/05\/PPrix-nomination-276x300.jpg\" alt=\"\" class=\"wp-image-303\" srcset=\"https:\/\/wseesko.de\/wp-content\/uploads\/2016\/05\/PPrix-nomination-276x300.jpg 276w, https:\/\/wseesko.de\/wp-content\/uploads\/2016\/05\/PPrix-nomination.jpg 655w\" sizes=\"auto, (max-width: 276px) 100vw, 276px\" \/><\/a><\/figure>\n\n\n\n<hr class=\"wp-block-separator has-css-opacity\"\/>\n\n\n\n<p>Auszeichnung als &#8222;bestes regionales H\u00f6rspiel des Jahres&#8220; mit dem <a href=\"https:\/\/www.radiobremen.de\/unternehmen\/presse\/auszeichnungen\/hoerspiel408.html\" target=\"_blank\" rel=\"noopener noreferrer\">Zonser H\u00f6rspielpreis<\/a> 2016 f\u00fcr H\u00f6rspielbearbeitung und Regie.<\/p>\n\n\n\n<p><strong>Altes Land <\/strong>(Radio Bremen\/NDR 2016) nach Motiven des gleichnamigen Romans von D\u00f6rte Hansen<\/p>\n\n\n\n<hr class=\"wp-block-separator has-css-opacity\"\/>\n\n\n\n<p><a href=\"http:\/\/www.darstellendekuenste.de\/hoerspiel-des-monatsjahres.html\" target=\"_blank\" rel=\"noopener noreferrer\">H\u00f6rspiel des Monats<\/a> Januar 2014, <a href=\"http:\/\/wseesko.de\/wp-content\/uploads\/2014\/01\/H%C3%B6rspiel%20des%20Monats%2001-2014.pdf\" target=\"_blank\" rel=\"noopener noreferrer\">Jurybegr\u00fcndung<\/a>.<\/p>\n\n\n\n<p><strong>Onno Viets und der Irre vom Kiez <\/strong>(Regie, NDR 2014)<br>nach dem gleichnamigen Roman von Frank Schulz<\/p>\n","protected":false},"excerpt":{"rendered":"<p>Zonser H\u00f6rspielpreis 2023 f\u00fcr &#8222;De Kawentsmann&#8220; (RB\/NDR) von Helga B\u00fcrster. Zweiter Platz im Wettbewerb um das &#8222;beste regionale Mundarth\u00f6rspiel 2022&#8220; f\u00fcr das im vorigen Jahr inszenierte niederdeutsche H\u00f6rspiel &#8222;\u00dcm de Eck&#8220; (RB\/NDR) von Hugo Rendler bei den Zonser H\u00f6rspieltagen. Kranitz \u2013 Bei Trennung Geld zur\u00fcck (FLORIDA Film f\u00fcr ARD Degeto\/NDR) Nominierung zum Grimme-Preis 2022 DRK &hellip; <\/p>\n<p class=\"link-more\"><a href=\"https:\/\/wseesko.de\/?page_id=236\" class=\"more-link\"><span class=\"screen-reader-text\">\u201eAuszeichnungen\u201c <\/span>weiterlesen<\/a><\/p>\n","protected":false},"author":1,"featured_media":0,"parent":0,"menu_order":0,"comment_status":"closed","ping_status":"closed","template":"","meta":{"footnotes":""},"class_list":["post-236","page","type-page","status-publish","hentry"],"_links":{"self":[{"href":"https:\/\/wseesko.de\/index.php?rest_route=\/wp\/v2\/pages\/236","targetHints":{"allow":["GET"]}}],"collection":[{"href":"https:\/\/wseesko.de\/index.php?rest_route=\/wp\/v2\/pages"}],"about":[{"href":"https:\/\/wseesko.de\/index.php?rest_route=\/wp\/v2\/types\/page"}],"author":[{"embeddable":true,"href":"https:\/\/wseesko.de\/index.php?rest_route=\/wp\/v2\/users\/1"}],"replies":[{"embeddable":true,"href":"https:\/\/wseesko.de\/index.php?rest_route=%2Fwp%2Fv2%2Fcomments&post=236"}],"version-history":[{"count":12,"href":"https:\/\/wseesko.de\/index.php?rest_route=\/wp\/v2\/pages\/236\/revisions"}],"predecessor-version":[{"id":748,"href":"https:\/\/wseesko.de\/index.php?rest_route=\/wp\/v2\/pages\/236\/revisions\/748"}],"wp:attachment":[{"href":"https:\/\/wseesko.de\/index.php?rest_route=%2Fwp%2Fv2%2Fmedia&parent=236"}],"curies":[{"name":"wp","href":"https:\/\/api.w.org\/{rel}","templated":true}]}}